{"id":8965,"date":"2018-09-03T10:44:30","date_gmt":"2018-09-03T08:44:30","guid":{"rendered":"https:\/\/nyborg-rejser.dk\/rejsebureau\/"},"modified":"2022-06-10T09:40:37","modified_gmt":"2022-06-10T07:40:37","slug":"rejsebureau","status":"publish","type":"page","link":"https:\/\/nyborg-rejser.dk\/en\/","title":{"rendered":"HOMEPAGE"},"content":{"rendered":"<div id=\"pl-8965\"  class=\"panel-layout\" ><div id=\"pg-8965-0\"  class=\"panel-grid panel-no-style\" ><div id=\"pgc-8965-0-0\"  class=\"panel-grid-cell\" ><div id=\"panel-8965-0-0-0\" class=\"so-panel widget widget_mtt-cover-section panel-first-child panel-last-child\" data-index=\"0\" ><div\n\t\t\t\n\t\t\tclass=\"so-widget-mtt-cover-section so-widget-mtt-cover-section-base\"\n\t\t\t\n\t\t>\n<!-- Cover wrapper -->\n<div class=\"mtt-cover-wrapper\">\n    <!-- Background image -->\n    <div class=\"mtt-cover-background-container object-fit hide-overlay\">\n        <picture>\n                                    <source srcset=\"https:\/\/nyborg-rejser.dk\/wp-content\/uploads\/2018\/09\/VIP-bus-ved-skov.jpg\" alt=\"Nyborg Rejser VIP bus ved skov\">\n            <img decoding=\"async\" src=\"https:\/\/nyborg-rejser.dk\/wp-content\/uploads\/2018\/09\/VIP-bus-ved-skov.jpg\" alt=\"Nyborg Rejser VIP bus ved skov\">\n        <\/picture>\n\n        <!-- Cover video background -->\n            <\/div>\n    <!-- Content -->\n    <div class=\"mtt-cover-container\">\n        <div class=\"mtt-cover-text\">\n            <h1>Nyborg Rejser<\/h1>\n            <p>Passenger Transport and Travel Agency<\/p>\n<p>&nbsp;<\/p>\n                    <\/div>\n                    <a href=\"#the-content\" class=\"see-more\">Show more<\/a>\n            <\/div>\n<\/div>\n<!-- End: Cover wrapper -->\n\n\n<div id=\"the-content\"><\/div><\/div><\/div><\/div><\/div><div id=\"pg-8965-1\"  class=\"panel-grid panel-no-style\" ><div id=\"pgc-8965-1-0\"  class=\"panel-grid-cell\" ><div id=\"panel-8965-1-0-0\" class=\"so-panel widget widget_mtt-category-section panel-first-child panel-last-child\" data-index=\"1\" ><div\n\t\t\t\n\t\t\tclass=\"so-widget-mtt-category-section so-widget-mtt-category-section-base\"\n\t\t\t\n\t\t><div class=\"category-section-wrapper white-bg\">\n\t<div class=\"category-section-container\">\n\t\t<h2>No matter where you are going - let us take care of you<\/h2>\n\t\t<div class=\"category-section-grid primary\">\n\t\t\t\t\t\t\t<a href=\"https:\/\/nyborg-rejser.dk\/bustransport-2\/\" class=\"category-item\">\n\t\t\t\t\t<div class=\"img-wrap object-fit\">\n\t\t\t\t\t\t<img loading=\"lazy\" decoding=\"async\" width=\"3000\" height=\"2000\" src=\"https:\/\/nyborg-rejser.dk\/wp-content\/uploads\/2018\/10\/IMG_8853.jpg\" class=\"attachment-full size-full\" alt=\"Nyborg Rejser Bus front\" srcset=\"https:\/\/nyborg-rejser.dk\/wp-content\/uploads\/2018\/10\/IMG_8853.jpg 3000w, https:\/\/nyborg-rejser.dk\/wp-content\/uploads\/2018\/10\/IMG_8853-300x200.jpg 300w, https:\/\/nyborg-rejser.dk\/wp-content\/uploads\/2018\/10\/IMG_8853-1024x683.jpg 1024w\" sizes=\"auto, (max-width: 3000px) 100vw, 3000px\" \/>\t\t\t\t\t<\/div>\n\t\t\t\t\t<div class=\"text-wrap\">\n\t\t\t\t\t\t<div class=\"category-title-wrap\">\n\t\t\t\t\t\t\t<div class=\"category-icon\">\n\t\t\t\t\t\t\t\t\t\t\t\t\t\t\t<\/div>\n\t\t\t\t\t\t\t<div class=\"category-title\">Bus transport<\/div>\n\t\t\t\t\t\t<\/div>\n\t\t\t\t\t\t<div class=\"category-description\">\n\t\t\t\t\t\t\t<p>\n\t\t\t\t\t\t\t\t<p style=\"font-weight: 400;\">We are an ideal partner for groups travels, business, and A2B transportation<\/p>\n<p>&nbsp;<\/p>\n\t\t\t\t\t\t\t<\/p>\n\t\t\t\t\t\t<\/div>\n\t\t\t\t\t<\/div>\n\t\t\t\t<\/a>\n\t\t\t\t\t\t\t<a href=\"https:\/\/nyborg-rejser.dk\/en\/incoming\/\" class=\"category-item\">\n\t\t\t\t\t<div class=\"img-wrap object-fit\">\n\t\t\t\t\t\t<img loading=\"lazy\" decoding=\"async\" width=\"1200\" height=\"668\" src=\"https:\/\/nyborg-rejser.dk\/wp-content\/uploads\/2018\/12\/Vejbillede.jpg\" class=\"attachment-full size-full\" alt=\"\" srcset=\"https:\/\/nyborg-rejser.dk\/wp-content\/uploads\/2018\/12\/Vejbillede.jpg 1200w, https:\/\/nyborg-rejser.dk\/wp-content\/uploads\/2018\/12\/Vejbillede-300x167.jpg 300w, https:\/\/nyborg-rejser.dk\/wp-content\/uploads\/2018\/12\/Vejbillede-1024x570.jpg 1024w\" sizes=\"auto, (max-width: 1200px) 100vw, 1200px\" \/>\t\t\t\t\t<\/div>\n\t\t\t\t\t<div class=\"text-wrap\">\n\t\t\t\t\t\t<div class=\"category-title-wrap\">\n\t\t\t\t\t\t\t<div class=\"category-icon\">\n\t\t\t\t\t\t\t\t\t\t\t\t\t\t\t<\/div>\n\t\t\t\t\t\t\t<div class=\"category-title\">Incoming<\/div>\n\t\t\t\t\t\t<\/div>\n\t\t\t\t\t\t<div class=\"category-description\">\n\t\t\t\t\t\t\t<p>\n\t\t\t\t\t\t\t\t\t\t\t\t\t\t\t<\/p>\n\t\t\t\t\t\t<\/div>\n\t\t\t\t\t<\/div>\n\t\t\t\t<\/a>\n\t\t\t\t\t\t\t<a href=\"https:\/\/nyborg-rejser.dk\/en\/groups\/\" class=\"category-item\">\n\t\t\t\t\t<div class=\"img-wrap object-fit\">\n\t\t\t\t\t\t<img loading=\"lazy\" decoding=\"async\" width=\"2560\" height=\"1920\" src=\"https:\/\/nyborg-rejser.dk\/wp-content\/uploads\/2022\/06\/IMG_1352-scaled.jpg\" class=\"attachment-full size-full\" alt=\"\" srcset=\"https:\/\/nyborg-rejser.dk\/wp-content\/uploads\/2022\/06\/IMG_1352-scaled.jpg 2560w, https:\/\/nyborg-rejser.dk\/wp-content\/uploads\/2022\/06\/IMG_1352-scaled-300x225.jpg 300w, https:\/\/nyborg-rejser.dk\/wp-content\/uploads\/2022\/06\/IMG_1352-scaled-1024x768.jpg 1024w\" sizes=\"auto, (max-width: 2560px) 100vw, 2560px\" \/>\t\t\t\t\t<\/div>\n\t\t\t\t\t<div class=\"text-wrap\">\n\t\t\t\t\t\t<div class=\"category-title-wrap\">\n\t\t\t\t\t\t\t<div class=\"category-icon\">\n\t\t\t\t\t\t\t\t\t\t\t\t\t\t\t<\/div>\n\t\t\t\t\t\t\t<div class=\"category-title\">Groups<\/div>\n\t\t\t\t\t\t<\/div>\n\t\t\t\t\t\t<div class=\"category-description\">\n\t\t\t\t\t\t\t<p>\n\t\t\t\t\t\t\t\t<p style=\"font-weight: 400;\">We will take care of everything you need<\/p>\n<p>&nbsp;<\/p>\n\t\t\t\t\t\t\t<\/p>\n\t\t\t\t\t\t<\/div>\n\t\t\t\t\t<\/div>\n\t\t\t\t<\/a>\n\t\t\t\t\t<\/div>\n\t<\/div>\n<\/div><\/div><\/div><\/div><\/div><\/div>","protected":false},"excerpt":{"rendered":"<p>Nyborg Rejser Passenger Transport and Travel Agency &nbsp; Show more No matter where you are going &#8211; let us take care of you Bus transport We are an ideal partner for groups travels, business, and A2B transportation &nbsp; Incoming Groups We will take care of everything you need &nbsp;<\/p>\n","protected":false},"author":1,"featured_media":0,"parent":0,"menu_order":1,"comment_status":"closed","ping_status":"closed","template":"","meta":{"_acf_changed":false,"inline_featured_image":false,"footnotes":""},"yst_prominent_words":[],"class_list":["post-8965","page","type-page","status-publish","hentry"],"acf":[],"yoast_head":"<!-- This site is optimized with the Yoast SEO Premium plugin v14.6.1 - https:\/\/yoast.com\/wordpress\/plugins\/seo\/ -->\n<title>Nyborg Rejser - en del af Bergholdt<\/title>\n<meta name=\"description\" content=\"Vi arrangere bustransport, Rejser privat-erhverv, eventtransport. Lige meget hvor du vil hen - s\u00e5 lad os hj\u00e6lpe dig p\u00e5 vej med dit n\u00e6ste arrangement.\" \/>\n<meta name=\"robots\" content=\"index, follow\" \/>\n<meta name=\"googlebot\" content=\"index, follow, max-snippet:-1, max-image-preview:large, max-video-preview:-1\" \/>\n<meta name=\"bingbot\" content=\"index, follow, max-snippet:-1, max-image-preview:large, max-video-preview:-1\" \/>\n<link rel=\"canonical\" href=\"https:\/\/nyborg-rejser.dk\/en\/\" \/>\n<meta property=\"og:locale\" content=\"en_US\" \/>\n<meta property=\"og:type\" content=\"article\" \/>\n<meta property=\"og:title\" content=\"Nyborg Rejser - en del af Bergholdt\" \/>\n<meta property=\"og:description\" content=\"Vi arrangere bustransport, Rejser privat-erhverv, eventtransport. Lige meget hvor du vil hen - s\u00e5 lad os hj\u00e6lpe dig p\u00e5 vej med dit n\u00e6ste arrangement.\" \/>\n<meta property=\"og:url\" content=\"https:\/\/nyborg-rejser.dk\/en\/\" \/>\n<meta property=\"og:site_name\" content=\"Nyborg Rejser - en del af Bergholdt\" \/>\n<meta property=\"article:publisher\" content=\"https:\/\/www.facebook.com\/Nyborgrejserogturistfart\/\" \/>\n<meta property=\"article:modified_time\" content=\"2022-06-10T07:40:37+00:00\" \/>\n<meta name=\"twitter:card\" content=\"summary_large_image\" \/>\n<script type=\"application\/ld+json\" class=\"yoast-schema-graph\">{\"@context\":\"https:\/\/schema.org\",\"@graph\":[{\"@type\":\"Organization\",\"@id\":\"https:\/\/nyborg-rejser.dk\/en\/#organization\",\"name\":\"Nyborg Rejser A\/S\",\"url\":\"https:\/\/nyborg-rejser.dk\/en\/\",\"sameAs\":[\"https:\/\/www.facebook.com\/Nyborgrejserogturistfart\/\",\"https:\/\/www.instagram.com\/nyborgrejser\/\"],\"logo\":{\"@type\":\"ImageObject\",\"@id\":\"https:\/\/nyborg-rejser.dk\/en\/#logo\",\"inLanguage\":\"en-US\",\"url\":\"https:\/\/nyborg-rejser.dk\/wp-content\/uploads\/2019\/03\/logo.png\",\"width\":120,\"height\":45,\"caption\":\"Nyborg Rejser A\/S\"},\"image\":{\"@id\":\"https:\/\/nyborg-rejser.dk\/en\/#logo\"}},{\"@type\":\"WebSite\",\"@id\":\"https:\/\/nyborg-rejser.dk\/en\/#website\",\"url\":\"https:\/\/nyborg-rejser.dk\/en\/\",\"name\":\"Bustransport, Rejser, Koncertbus, Rejser erhverv\",\"description\":\"Lige meget hvor du vil hen - s\\u00e5 lad os hj\\u00e6lpe dig p\\u00e5 vej med dit n\\u00e6ste arrangement\",\"publisher\":{\"@id\":\"https:\/\/nyborg-rejser.dk\/en\/#organization\"},\"potentialAction\":[{\"@type\":\"SearchAction\",\"target\":\"https:\/\/nyborg-rejser.dk\/en\/?s={search_term_string}\",\"query-input\":\"required name=search_term_string\"}],\"inLanguage\":\"en-US\"},{\"@type\":\"WebPage\",\"@id\":\"https:\/\/nyborg-rejser.dk\/en\/#webpage\",\"url\":\"https:\/\/nyborg-rejser.dk\/en\/\",\"name\":\"Nyborg Rejser - en del af Bergholdt\",\"isPartOf\":{\"@id\":\"https:\/\/nyborg-rejser.dk\/en\/#website\"},\"datePublished\":\"2018-09-03T08:44:30+00:00\",\"dateModified\":\"2022-06-10T07:40:37+00:00\",\"description\":\"Vi arrangere bustransport, Rejser privat-erhverv, eventtransport. Lige meget hvor du vil hen - s\\u00e5 lad os hj\\u00e6lpe dig p\\u00e5 vej med dit n\\u00e6ste arrangement.\",\"inLanguage\":\"en-US\",\"potentialAction\":[{\"@type\":\"ReadAction\",\"target\":[\"https:\/\/nyborg-rejser.dk\/en\/\"]}]}]}<\/script>\n<!-- \/ Yoast SEO Premium plugin. -->","_links":{"self":[{"href":"https:\/\/nyborg-rejser.dk\/en\/wp-json\/wp\/v2\/pages\/8965","targetHints":{"allow":["GET"]}}],"collection":[{"href":"https:\/\/nyborg-rejser.dk\/en\/wp-json\/wp\/v2\/pages"}],"about":[{"href":"https:\/\/nyborg-rejser.dk\/en\/wp-json\/wp\/v2\/types\/page"}],"author":[{"embeddable":true,"href":"https:\/\/nyborg-rejser.dk\/en\/wp-json\/wp\/v2\/users\/1"}],"replies":[{"embeddable":true,"href":"https:\/\/nyborg-rejser.dk\/en\/wp-json\/wp\/v2\/comments?post=8965"}],"version-history":[{"count":17,"href":"https:\/\/nyborg-rejser.dk\/en\/wp-json\/wp\/v2\/pages\/8965\/revisions"}],"predecessor-version":[{"id":9316,"href":"https:\/\/nyborg-rejser.dk\/en\/wp-json\/wp\/v2\/pages\/8965\/revisions\/9316"}],"wp:attachment":[{"href":"https:\/\/nyborg-rejser.dk\/en\/wp-json\/wp\/v2\/media?parent=8965"}],"wp:term":[{"taxonomy":"yst_prominent_words","embeddable":true,"href":"https:\/\/nyborg-rejser.dk\/en\/wp-json\/wp\/v2\/yst_prominent_words?post=8965"}],"curies":[{"name":"wp","href":"https:\/\/api.w.org\/{rel}","templated":true}]}}